{"id":9,"date":"2022-04-13T00:25:40","date_gmt":"2022-04-12T22:25:40","guid":{"rendered":"http:\/\/technologyfurniture.pl\/?page_id=9"},"modified":"2024-05-14T00:05:49","modified_gmt":"2024-05-13T22:05:49","slug":"about","status":"publish","type":"page","link":"https:\/\/technologyfurniture.pl\/","title":{"rendered":"O Firmie"},"content":{"rendered":"\t\t<div data-elementor-type=\"wp-page\" data-elementor-id=\"9\" class=\"elementor elementor-9\">\n\t\t\t\t\t\t<section class=\"elementor-section elementor-top-section elementor-element elementor-element-c22de45 elementor-section-boxed elementor-section-height-default elementor-section-height-default\" data-id=\"c22de45\" data-element_type=\"section\" data-e-type=\"section\">\n\t\t\t\t\t\t<div class=\"elementor-container elementor-column-gap-default\">\n\t\t\t\t\t<div class=\"elementor-column elementor-col-100 elementor-top-column elementor-element elementor-element-4ee219c\" data-id=\"4ee219c\" data-element_type=\"column\" data-e-type=\"column\">\n\t\t\t<div class=\"elementor-widget-wrap elementor-element-populated\">\n\t\t\t\t\t\t<section class=\"elementor-section elementor-inner-section elementor-element elementor-element-9549326 elementor-section-boxed elementor-section-height-default elementor-section-height-default\" data-id=\"9549326\" data-element_type=\"section\" data-e-type=\"section\">\n\t\t\t\t\t\t<div class=\"elementor-container elementor-column-gap-default\">\n\t\t\t\t\t<div class=\"elementor-column elementor-col-50 elementor-inner-column elementor-element elementor-element-635ec11\" data-id=\"635ec11\" data-element_type=\"column\" data-e-type=\"column\">\n\t\t\t<div class=\"elementor-widget-wrap elementor-element-populated\">\n\t\t\t\t\t\t<div class=\"elementor-element elementor-element-39d8a42 elementor-widget elementor-widget-image\" data-id=\"39d8a42\" data-element_type=\"widget\" data-e-type=\"widget\" data-widget_type=\"image.default\">\n\t\t\t\t<div class=\"elementor-widget-container\">\n\t\t\t\t\t\t\t\t\t\t\t\t\t\t\t<img fetchpriority=\"high\" decoding=\"async\" width=\"300\" height=\"174\" src=\"https:\/\/technologyfurniture.pl\/wp-content\/uploads\/2022\/04\/cropped-PSD_transparent-300x174.png\" class=\"attachment-medium size-medium wp-image-24\" alt=\"\" srcset=\"https:\/\/technologyfurniture.pl\/wp-content\/uploads\/2022\/04\/cropped-PSD_transparent-300x174.png 300w, https:\/\/technologyfurniture.pl\/wp-content\/uploads\/2022\/04\/cropped-PSD_transparent-1024x593.png 1024w, https:\/\/technologyfurniture.pl\/wp-content\/uploads\/2022\/04\/cropped-PSD_transparent-768x445.png 768w, https:\/\/technologyfurniture.pl\/wp-content\/uploads\/2022\/04\/cropped-PSD_transparent-1536x890.png 1536w, https:\/\/technologyfurniture.pl\/wp-content\/uploads\/2022\/04\/cropped-PSD_transparent-2048x1186.png 2048w, https:\/\/technologyfurniture.pl\/wp-content\/uploads\/2022\/04\/cropped-PSD_transparent-2000x1158.png 2000w, https:\/\/technologyfurniture.pl\/wp-content\/uploads\/2022\/04\/cropped-PSD_transparent-600x348.png 600w, https:\/\/technologyfurniture.pl\/wp-content\/uploads\/2022\/04\/cropped-PSD_transparent-1200x695.png 1200w\" sizes=\"100vw\" \/>\t\t\t\t\t\t\t\t\t\t\t\t\t\t\t<\/div>\n\t\t\t\t<\/div>\n\t\t\t\t\t<\/div>\n\t\t<\/div>\n\t\t\t\t<div class=\"elementor-column elementor-col-50 elementor-inner-column elementor-element elementor-element-e571b5f\" data-id=\"e571b5f\" data-element_type=\"column\" data-e-type=\"column\">\n\t\t\t<div class=\"elementor-widget-wrap elementor-element-populated\">\n\t\t\t\t\t\t<div class=\"elementor-element elementor-element-efb21e0 elementor-widget elementor-widget-text-editor\" data-id=\"efb21e0\" data-element_type=\"widget\" data-e-type=\"widget\" data-widget_type=\"text-editor.default\">\n\t\t\t\t<div class=\"elementor-widget-container\">\n\t\t\t\t\t\t\t\t\t<p><strong>Technology Furniture<\/strong> powsta\u0142o w mojej g\u0142owie oko\u0142o 2012 roku, realnej formy nabiera\u0142o przez kilka lat i jest. Pasja przeradzi\u0142a si\u0119 i nabra\u0142a realnej formy. Tworzenie ergonomicznych, funkcjonalnych oraz estetycznych mebli dla klienta indywidualnego by\u0142o i jest fundamentalnym za\u0142o\u017ceniem TF. Tak jak ci\u0105g\u0142e poszukiwanie nowych rozwi\u0105za\u0144 i ulepsze\u0144 w tworzonych konstrukcjach.\u00a0<\/p>\n<p>Mateusz Hamulczyk<\/p>\t\t\t\t\t\t\t\t<\/div>\n\t\t\t\t<\/div>\n\t\t\t\t\t<\/div>\n\t\t<\/div>\n\t\t\t\t\t<\/div>\n\t\t<\/section>\n\t\t\t\t\t<\/div>\n\t\t<\/div>\n\t\t\t\t\t<\/div>\n\t\t<\/section>\n\t\t\t\t<section class=\"elementor-section elementor-top-section elementor-element elementor-element-58fff776 elementor-section-boxed elementor-section-height-default elementor-section-height-default\" data-id=\"58fff776\" data-element_type=\"section\" data-e-type=\"section\">\n\t\t\t\t\t\t<div class=\"elementor-container elementor-column-gap-default\">\n\t\t\t\t\t<div class=\"elementor-column elementor-col-100 elementor-top-column elementor-element elementor-element-1b28b91d\" data-id=\"1b28b91d\" data-element_type=\"column\" data-e-type=\"column\">\n\t\t\t<div class=\"elementor-widget-wrap elementor-element-populated\">\n\t\t\t\t\t\t<div class=\"elementor-element elementor-element-a95c179 elementor-widget-divider--view-line elementor-widget elementor-widget-divider\" data-id=\"a95c179\" data-element_type=\"widget\" data-e-type=\"widget\" data-widget_type=\"divider.default\">\n\t\t\t\t<div class=\"elementor-widget-container\">\n\t\t\t\t\t\t\t<div class=\"elementor-divider\">\n\t\t\t<span class=\"elementor-divider-separator\">\n\t\t\t\t\t\t<\/span>\n\t\t<\/div>\n\t\t\t\t\t\t<\/div>\n\t\t\t\t<\/div>\n\t\t\t\t<section class=\"elementor-section elementor-inner-section elementor-element elementor-element-aab30eb elementor-section-boxed elementor-section-height-default elementor-section-height-default\" data-id=\"aab30eb\" data-element_type=\"section\" data-e-type=\"section\">\n\t\t\t\t\t\t<div class=\"elementor-container elementor-column-gap-default\">\n\t\t\t\t\t<div class=\"elementor-column elementor-col-33 elementor-inner-column elementor-element elementor-element-638d75f\" data-id=\"638d75f\" data-element_type=\"column\" data-e-type=\"column\">\n\t\t\t<div class=\"elementor-widget-wrap elementor-element-populated\">\n\t\t\t\t\t\t<div class=\"elementor-element elementor-element-a137742 elementor-widget__width-auto elementor-widget elementor-widget-image\" data-id=\"a137742\" data-element_type=\"widget\" data-e-type=\"widget\" data-widget_type=\"image.default\">\n\t\t\t\t<div class=\"elementor-widget-container\">\n\t\t\t\t\t\t\t\t\t\t\t\t\t\t\t<img decoding=\"async\" width=\"300\" height=\"200\" src=\"https:\/\/technologyfurniture.pl\/wp-content\/uploads\/2022\/04\/luca-bravo-9l_326FISzk-unsplash_dark-300x200.jpg\" class=\"attachment-medium size-medium wp-image-78\" alt=\"\" srcset=\"https:\/\/technologyfurniture.pl\/wp-content\/uploads\/2022\/04\/luca-bravo-9l_326FISzk-unsplash_dark-300x200.jpg 300w, https:\/\/technologyfurniture.pl\/wp-content\/uploads\/2022\/04\/luca-bravo-9l_326FISzk-unsplash_dark-1024x683.jpg 1024w, https:\/\/technologyfurniture.pl\/wp-content\/uploads\/2022\/04\/luca-bravo-9l_326FISzk-unsplash_dark-768x512.jpg 768w, https:\/\/technologyfurniture.pl\/wp-content\/uploads\/2022\/04\/luca-bravo-9l_326FISzk-unsplash_dark-1536x1024.jpg 1536w, https:\/\/technologyfurniture.pl\/wp-content\/uploads\/2022\/04\/luca-bravo-9l_326FISzk-unsplash_dark-2048x1365.jpg 2048w, https:\/\/technologyfurniture.pl\/wp-content\/uploads\/2022\/04\/luca-bravo-9l_326FISzk-unsplash_dark-2000x1333.jpg 2000w, https:\/\/technologyfurniture.pl\/wp-content\/uploads\/2022\/04\/luca-bravo-9l_326FISzk-unsplash_dark-scaled-600x400.jpg 600w, https:\/\/technologyfurniture.pl\/wp-content\/uploads\/2022\/04\/luca-bravo-9l_326FISzk-unsplash_dark-scaled-1200x800.jpg 1200w\" sizes=\"100vw\" \/>\t\t\t\t\t\t\t\t\t\t\t\t\t\t\t<\/div>\n\t\t\t\t<\/div>\n\t\t\t\t\t<\/div>\n\t\t<\/div>\n\t\t\t\t<div class=\"elementor-column elementor-col-33 elementor-inner-column elementor-element elementor-element-cdd3eaa\" data-id=\"cdd3eaa\" data-element_type=\"column\" data-e-type=\"column\">\n\t\t\t<div class=\"elementor-widget-wrap elementor-element-populated\">\n\t\t\t\t\t\t<div class=\"elementor-element elementor-element-1fbec83 elementor-widget__width-auto elementor-widget elementor-widget-image\" data-id=\"1fbec83\" data-element_type=\"widget\" data-e-type=\"widget\" data-widget_type=\"image.default\">\n\t\t\t\t<div class=\"elementor-widget-container\">\n\t\t\t\t\t\t\t\t\t\t\t\t\t\t\t<img decoding=\"async\" width=\"300\" height=\"200\" src=\"https:\/\/technologyfurniture.pl\/wp-content\/uploads\/2024\/05\/sven-mieke-fteR0e2BzKo-unsplash-300x200.jpg\" class=\"attachment-medium size-medium wp-image-340\" alt=\"\" srcset=\"https:\/\/technologyfurniture.pl\/wp-content\/uploads\/2024\/05\/sven-mieke-fteR0e2BzKo-unsplash-300x200.jpg 300w, https:\/\/technologyfurniture.pl\/wp-content\/uploads\/2024\/05\/sven-mieke-fteR0e2BzKo-unsplash-1024x683.jpg 1024w, https:\/\/technologyfurniture.pl\/wp-content\/uploads\/2024\/05\/sven-mieke-fteR0e2BzKo-unsplash-2000x1333.jpg 2000w, https:\/\/technologyfurniture.pl\/wp-content\/uploads\/2024\/05\/sven-mieke-fteR0e2BzKo-unsplash-scaled-1536x1024.jpg 1536w, https:\/\/technologyfurniture.pl\/wp-content\/uploads\/2024\/05\/sven-mieke-fteR0e2BzKo-unsplash-scaled-2048x1366.jpg 2048w, https:\/\/technologyfurniture.pl\/wp-content\/uploads\/2024\/05\/sven-mieke-fteR0e2BzKo-unsplash-scaled-600x400.jpg 600w, https:\/\/technologyfurniture.pl\/wp-content\/uploads\/2024\/05\/sven-mieke-fteR0e2BzKo-unsplash-scaled-1200x800.jpg 1200w\" sizes=\"100vw\" \/>\t\t\t\t\t\t\t\t\t\t\t\t\t\t\t<\/div>\n\t\t\t\t<\/div>\n\t\t\t\t\t<\/div>\n\t\t<\/div>\n\t\t\t\t<div class=\"elementor-column elementor-col-33 elementor-inner-column elementor-element elementor-element-b2aa7e1\" data-id=\"b2aa7e1\" data-element_type=\"column\" data-e-type=\"column\">\n\t\t\t<div class=\"elementor-widget-wrap elementor-element-populated\">\n\t\t\t\t\t\t<div class=\"elementor-element elementor-element-8a7eec8 elementor-widget__width-auto elementor-widget elementor-widget-image\" data-id=\"8a7eec8\" data-element_type=\"widget\" data-e-type=\"widget\" data-widget_type=\"image.default\">\n\t\t\t\t<div class=\"elementor-widget-container\">\n\t\t\t\t\t\t\t\t\t\t\t\t\t\t\t<img loading=\"lazy\" decoding=\"async\" width=\"300\" height=\"200\" src=\"https:\/\/technologyfurniture.pl\/wp-content\/uploads\/2024\/02\/ViaPlay-03-300x200.jpeg\" class=\"attachment-medium size-medium wp-image-170\" alt=\"\" srcset=\"https:\/\/technologyfurniture.pl\/wp-content\/uploads\/2024\/02\/ViaPlay-03-300x200.jpeg 300w, https:\/\/technologyfurniture.pl\/wp-content\/uploads\/2024\/02\/ViaPlay-03-1024x682.jpeg 1024w, https:\/\/technologyfurniture.pl\/wp-content\/uploads\/2024\/02\/ViaPlay-03-768x511.jpeg 768w, https:\/\/technologyfurniture.pl\/wp-content\/uploads\/2024\/02\/ViaPlay-03-600x400.jpeg 600w, https:\/\/technologyfurniture.pl\/wp-content\/uploads\/2024\/02\/ViaPlay-03-1200x799.jpeg 1200w, https:\/\/technologyfurniture.pl\/wp-content\/uploads\/2024\/02\/ViaPlay-03.jpeg 1488w\" sizes=\"100vw\" \/>\t\t\t\t\t\t\t\t\t\t\t\t\t\t\t<\/div>\n\t\t\t\t<\/div>\n\t\t\t\t\t<\/div>\n\t\t<\/div>\n\t\t\t\t\t<\/div>\n\t\t<\/section>\n\t\t\t\t<section class=\"elementor-section elementor-inner-section elementor-element elementor-element-04b2ef4 elementor-section-boxed elementor-section-height-default elementor-section-height-default\" data-id=\"04b2ef4\" data-element_type=\"section\" data-e-type=\"section\">\n\t\t\t\t\t\t<div class=\"elementor-container elementor-column-gap-default\">\n\t\t\t\t\t<div class=\"elementor-column elementor-col-33 elementor-inner-column elementor-element elementor-element-b252cf3\" data-id=\"b252cf3\" data-element_type=\"column\" data-e-type=\"column\">\n\t\t\t<div class=\"elementor-widget-wrap elementor-element-populated\">\n\t\t\t\t\t\t<div class=\"elementor-element elementor-element-ff2289f elementor-widget elementor-widget-heading\" data-id=\"ff2289f\" data-element_type=\"widget\" data-e-type=\"widget\" data-widget_type=\"heading.default\">\n\t\t\t\t<div class=\"elementor-widget-container\">\n\t\t\t\t\t<h2 class=\"elementor-heading-title elementor-size-default\">Pomys\u0142<\/h2>\t\t\t\t<\/div>\n\t\t\t\t<\/div>\n\t\t\t\t\t<\/div>\n\t\t<\/div>\n\t\t\t\t<div class=\"elementor-column elementor-col-33 elementor-inner-column elementor-element elementor-element-013a185\" data-id=\"013a185\" data-element_type=\"column\" data-e-type=\"column\">\n\t\t\t<div class=\"elementor-widget-wrap elementor-element-populated\">\n\t\t\t\t\t\t<div class=\"elementor-element elementor-element-7db9fdb elementor-widget elementor-widget-heading\" data-id=\"7db9fdb\" data-element_type=\"widget\" data-e-type=\"widget\" data-widget_type=\"heading.default\">\n\t\t\t\t<div class=\"elementor-widget-container\">\n\t\t\t\t\t<h2 class=\"elementor-heading-title elementor-size-default\">Projekt<\/h2>\t\t\t\t<\/div>\n\t\t\t\t<\/div>\n\t\t\t\t\t<\/div>\n\t\t<\/div>\n\t\t\t\t<div class=\"elementor-column elementor-col-33 elementor-inner-column elementor-element elementor-element-b73f725\" data-id=\"b73f725\" data-element_type=\"column\" data-e-type=\"column\">\n\t\t\t<div class=\"elementor-widget-wrap elementor-element-populated\">\n\t\t\t\t\t\t<div class=\"elementor-element elementor-element-f8902a5 elementor-widget elementor-widget-heading\" data-id=\"f8902a5\" data-element_type=\"widget\" data-e-type=\"widget\" data-widget_type=\"heading.default\">\n\t\t\t\t<div class=\"elementor-widget-container\">\n\t\t\t\t\t<h2 class=\"elementor-heading-title elementor-size-default\">Realizacja<\/h2>\t\t\t\t<\/div>\n\t\t\t\t<\/div>\n\t\t\t\t\t<\/div>\n\t\t<\/div>\n\t\t\t\t\t<\/div>\n\t\t<\/section>\n\t\t\t\t\t<\/div>\n\t\t<\/div>\n\t\t\t\t\t<\/div>\n\t\t<\/section>\n\t\t\t\t<\/div>\n\t\t","protected":false},"excerpt":{"rendered":"<p>Technology Furniture powsta\u0142o w mojej g\u0142owie oko\u0142o 2012 roku, realnej formy nabiera\u0142o przez kilka lat i jest. Pasja przeradzi\u0142a si\u0119 i nabra\u0142a realnej formy. Tworzenie ergonomicznych, funkcjonalnych oraz estetycznych mebli dla klienta indywidualnego by\u0142o i jest fundamentalnym za\u0142o\u017ceniem TF. Tak jak ci\u0105g\u0142e poszukiwanie nowych rozwi\u0105za\u0144 i ulepsze\u0144 w tworzonych konstrukcjach.\u00a0 Mateusz Hamulczyk Pomys\u0142 Projekt Realizacja<\/p>\n","protected":false},"author":1,"featured_media":82,"parent":0,"menu_order":0,"comment_status":"closed","ping_status":"closed","template":"elementor_theme","meta":{"footnotes":""},"class_list":["post-9","page","type-page","status-publish","has-post-thumbnail","hentry"],"featured_media_urls":{"thumbnail":["https:\/\/technologyfurniture.pl\/wp-content\/uploads\/2022\/04\/cropped-opt-lasers-lNEijAsy9Ig-unsplash_dark_16-scaled-1-150x150.jpg",150,150,true],"medium":["https:\/\/technologyfurniture.pl\/wp-content\/uploads\/2022\/04\/cropped-opt-lasers-lNEijAsy9Ig-unsplash_dark_16-scaled-1-300x200.jpg",300,200,true],"medium_large":["https:\/\/technologyfurniture.pl\/wp-content\/uploads\/2022\/04\/cropped-opt-lasers-lNEijAsy9Ig-unsplash_dark_16-scaled-1-768x512.jpg",768,512,true],"large":["https:\/\/technologyfurniture.pl\/wp-content\/uploads\/2022\/04\/cropped-opt-lasers-lNEijAsy9Ig-unsplash_dark_16-scaled-1-1024x683.jpg",950,634,true],"1536x1536":["https:\/\/technologyfurniture.pl\/wp-content\/uploads\/2022\/04\/cropped-opt-lasers-lNEijAsy9Ig-unsplash_dark_16-scaled-1-1536x1025.jpg",1536,1025,true],"2048x2048":["https:\/\/technologyfurniture.pl\/wp-content\/uploads\/2022\/04\/cropped-opt-lasers-lNEijAsy9Ig-unsplash_dark_16-scaled-1.jpg",2000,1334,false],"inspiro-featured-image":["https:\/\/technologyfurniture.pl\/wp-content\/uploads\/2022\/04\/cropped-opt-lasers-lNEijAsy9Ig-unsplash_dark_16-scaled-1.jpg",2000,1334,false],"inspiro-loop":["https:\/\/technologyfurniture.pl\/wp-content\/uploads\/2022\/04\/cropped-opt-lasers-lNEijAsy9Ig-unsplash_dark_16-scaled-1-950x320.jpg",950,320,true],"inspiro-loop@2x":["https:\/\/technologyfurniture.pl\/wp-content\/uploads\/2022\/04\/cropped-opt-lasers-lNEijAsy9Ig-unsplash_dark_16-scaled-1-1900x640.jpg",1900,640,true],"portfolio_item-thumbnail":["https:\/\/technologyfurniture.pl\/wp-content\/uploads\/2022\/04\/cropped-opt-lasers-lNEijAsy9Ig-unsplash_dark_16-scaled-1-600x400.jpg",600,400,true],"portfolio_item-thumbnail@2x":["https:\/\/technologyfurniture.pl\/wp-content\/uploads\/2022\/04\/cropped-opt-lasers-lNEijAsy9Ig-unsplash_dark_16-scaled-1-1200x800.jpg",1200,800,true],"portfolio_item-masonry":["https:\/\/technologyfurniture.pl\/wp-content\/uploads\/2022\/04\/cropped-opt-lasers-lNEijAsy9Ig-unsplash_dark_16-scaled-1-600x400.jpg",600,400,true],"portfolio_item-masonry@2x":["https:\/\/technologyfurniture.pl\/wp-content\/uploads\/2022\/04\/cropped-opt-lasers-lNEijAsy9Ig-unsplash_dark_16-scaled-1-1200x800.jpg",1200,800,true],"portfolio_item-thumbnail_cinema":["https:\/\/technologyfurniture.pl\/wp-content\/uploads\/2022\/04\/cropped-opt-lasers-lNEijAsy9Ig-unsplash_dark_16-scaled-1-800x335.jpg",800,335,true],"portfolio_item-thumbnail_portrait":["https:\/\/technologyfurniture.pl\/wp-content\/uploads\/2022\/04\/cropped-opt-lasers-lNEijAsy9Ig-unsplash_dark_16-scaled-1-600x900.jpg",600,900,true],"portfolio_item-thumbnail_portrait@2x":["https:\/\/technologyfurniture.pl\/wp-content\/uploads\/2022\/04\/cropped-opt-lasers-lNEijAsy9Ig-unsplash_dark_16-scaled-1-1200x1334.jpg",1200,1334,true],"portfolio_item-thumbnail_square":["https:\/\/technologyfurniture.pl\/wp-content\/uploads\/2022\/04\/cropped-opt-lasers-lNEijAsy9Ig-unsplash_dark_16-scaled-1-800x800.jpg",800,800,true]},"_links":{"self":[{"href":"https:\/\/technologyfurniture.pl\/index.php\/wp-json\/wp\/v2\/pages\/9","targetHints":{"allow":["GET"]}}],"collection":[{"href":"https:\/\/technologyfurniture.pl\/index.php\/wp-json\/wp\/v2\/pages"}],"about":[{"href":"https:\/\/technologyfurniture.pl\/index.php\/wp-json\/wp\/v2\/types\/page"}],"author":[{"embeddable":true,"href":"https:\/\/technologyfurniture.pl\/index.php\/wp-json\/wp\/v2\/users\/1"}],"replies":[{"embeddable":true,"href":"https:\/\/technologyfurniture.pl\/index.php\/wp-json\/wp\/v2\/comments?post=9"}],"version-history":[{"count":67,"href":"https:\/\/technologyfurniture.pl\/index.php\/wp-json\/wp\/v2\/pages\/9\/revisions"}],"predecessor-version":[{"id":346,"href":"https:\/\/technologyfurniture.pl\/index.php\/wp-json\/wp\/v2\/pages\/9\/revisions\/346"}],"wp:featuredmedia":[{"embeddable":true,"href":"https:\/\/technologyfurniture.pl\/index.php\/wp-json\/wp\/v2\/media\/82"}],"wp:attachment":[{"href":"https:\/\/technologyfurniture.pl\/index.php\/wp-json\/wp\/v2\/media?parent=9"}],"curies":[{"name":"wp","href":"https:\/\/api.w.org\/{rel}","templated":true}]}}